{"id":1829,"date":"2021-10-05T09:09:47","date_gmt":"2021-10-05T09:09:47","guid":{"rendered":"https:\/\/www.northwestkiteboarding.com\/?page_id=1829"},"modified":"2023-04-18T11:11:47","modified_gmt":"2023-04-18T11:11:47","slug":"disclaimer","status":"publish","type":"page","link":"https:\/\/www.northwestkiteboarding.com\/de\/disclaimer\/","title":{"rendered":"Haftungsausschluss"},"content":{"rendered":"<div data-elementor-type=\"wp-page\" data-elementor-id=\"1829\" class=\"elementor elementor-1829\" data-elementor-post-type=\"page\">\n\t\t\t\t\t\t<section class=\"elementor-section elementor-top-section elementor-element elementor-element-2d4da157 elementor-section-full_width elementor-section-stretched elementor-section-height-min-height elementor-section-height-default elementor-section-items-middle\" data-id=\"2d4da157\" data-element_type=\"section\" data-e-type=\"section\" data-settings=\"{&quot;stretch_section&quot;:&quot;section-stretched&quot;,&quot;shape_divider_bottom&quot;:&quot;waves&quot;,&quot;background_background&quot;:&quot;classic&quot;}\">\n\t\t\t\t\t<div class=\"elementor-shape elementor-shape-bottom\" aria-hidden=\"true\" data-negative=\"false\">\n\t\t\t<svg xmlns=\"http:\/\/www.w3.org\/2000\/svg\" viewbox=\"0 0 1000 100\" preserveaspectratio=\"none\">\n\t<path class=\"elementor-shape-fill\" d=\"M421.9,6.5c22.6-2.5,51.5,0.4,75.5,5.3c23.6,4.9,70.9,23.5,100.5,35.7c75.8,32.2,133.7,44.5,192.6,49.7\tc23.6,2.1,48.7,3.5,103.4-2.5c54.7-6,106.2-25.6,106.2-25.6V0H0v30.3c0,0,72,32.6,158.4,30.5c39.2-0.7,92.8-6.7,134-22.4\tc21.2-8.1,52.2-18.2,79.7-24.2C399.3,7.9,411.6,7.5,421.9,6.5z\"\/>\n<\/svg>\t\t<\/div>\n\t\t\t\t\t<div class=\"elementor-container elementor-column-gap-no\">\n\t\t\t\t\t<div class=\"elementor-column elementor-col-100 elementor-top-column elementor-element elementor-element-13c8342b\" data-id=\"13c8342b\" data-element_type=\"column\" data-e-type=\"column\">\n\t\t\t<div class=\"elementor-widget-wrap\">\n\t\t\t\t\t\t\t<\/div>\n\t\t<\/div>\n\t\t\t\t\t<\/div>\n\t\t<\/section>\n\t\t\t\t<section class=\"elementor-section elementor-top-section elementor-element elementor-element-66c290d4 elementor-section-content-middle elementor-section-boxed elementor-section-height-default elementor-section-height-default\" data-id=\"66c290d4\" data-element_type=\"section\" data-e-type=\"section\">\n\t\t\t\t\t\t<div class=\"elementor-container elementor-column-gap-wider\">\n\t\t\t\t\t<div class=\"elementor-column elementor-col-100 elementor-top-column elementor-element elementor-element-3b8d0066\" data-id=\"3b8d0066\" data-element_type=\"column\" data-e-type=\"column\">\n\t\t\t<div class=\"elementor-widget-wrap elementor-element-populated\">\n\t\t\t\t\t\t<div class=\"elementor-element elementor-element-19ce7582 elementor-widget elementor-widget-text-editor\" data-id=\"19ce7582\" data-element_type=\"widget\" data-e-type=\"widget\" data-widget_type=\"text-editor.default\">\n\t\t\t\t<div class=\"elementor-widget-container\">\n\t\t\t\t\t\t\t\t\t<h1>Haftungsausschluss<\/h1><p>Die auf dieser Website dargestellten Informationen wurden von Northwest Kiteboarding mit Sorgfalt zusammengestellt, es kann jedoch keine Gew\u00e4hr f\u00fcr deren Richtigkeit und Vollst\u00e4ndigkeit \u00fcbernommen werden. Die bereitgestellten Informationen auf dieser Website k\u00f6nnen jederzeit ohne vorherige Ank\u00fcndigung ge\u00e4ndert werden.<\/p><p>Northwest Kiteboarding \u00fcbernimmt keine Haftung f\u00fcr das ununterbrochene Funktionieren dieser Website. Aus den Berechnungen, die mit Hilfe der vom Nutzer bereitgestellten Daten vorgenommen wurden, k\u00f6nnen keine Rechte abgeleitet werden.<\/p><p>Obwohl Northwest Kiteboarding alle Anstrengungen unternimmt, um Missbrauch zu verhindern, haftet Northwest Kiteboarding nicht f\u00fcr Informationen und\/oder Nachrichten, die von Benutzern der Website \u00fcber das Internet gesendet werden.<\/p><p>Verweise auf Seiten, die nicht von Northwest Kiteboarding unterhalten werden, dienen nur zu Informationszwecken. Obwohl Northwest Kiteboarding hinsichtlich der Seiten, auf die verwiesen wird, \u00e4u\u00dferste Sorgfalt walten l\u00e4sst, kann sie deren Inhalt, Aktualit\u00e4t, Vollst\u00e4ndigkeit, Qualit\u00e4t und Funktionsf\u00e4higkeit nicht garantieren. Jegliche Haftung in Bezug auf Websites, die nicht von Northwest Kiteboarding verwaltet werden, wird ausgeschlossen.<\/p><p>Wir bzw. der Anspruchsberechtigte behalten uns alle Rechte an den auf dieser Site pr\u00e4sentierten Informationen, insbesondere an Texten, Logos, Marken, Bildmaterial, vor.<\/p><p>Die Weitergabe, Vervielf\u00e4ltigung oder Verbreitung von Informationen durch den Benutzer dieser Site ist ohne unsere ausdr\u00fcckliche schriftliche Genehmigung nicht gestattet.<\/p><p>Durch das Betrachten dieser Website und die Nutzung der darauf bereitgestellten Informationen stimmen Sie den oben beschriebenen Bedingungen und Einschr\u00e4nkungen zu.<\/p>\t\t\t\t\t\t\t\t<\/div>\n\t\t\t\t<\/div>\n\t\t\t\t\t<\/div>\n\t\t<\/div>\n\t\t\t\t\t<\/div>\n\t\t<\/section>\n\t\t\t\t<\/div>","protected":false},"excerpt":{"rendered":"<p>Disclaimer The information shown on this website has been compiled by Northwest Kiteboarding with care, but no guarantee can be given for its correctness and completeness. The information provided on this internet site can be changed at any time without further notice. Northwest Kiteboarding does not accept any liability for the uninterrupted functioning of this &#8230; <a title=\"Haftungsausschluss\" class=\"read-more\" href=\"https:\/\/www.northwestkiteboarding.com\/de\/disclaimer\/\" aria-label=\"Mehr Informationen \u00fcber Disclaimer\">Weiterlesen &#8230;<\/a><\/p>","protected":false},"author":1,"featured_media":0,"parent":0,"menu_order":0,"comment_status":"closed","ping_status":"closed","template":"","meta":{"footnotes":""},"class_list":["post-1829","page","type-page","status-publish"],"_links":{"self":[{"href":"https:\/\/www.northwestkiteboarding.com\/de\/wp-json\/wp\/v2\/pages\/1829","targetHints":{"allow":["GET"]}}],"collection":[{"href":"https:\/\/www.northwestkiteboarding.com\/de\/wp-json\/wp\/v2\/pages"}],"about":[{"href":"https:\/\/www.northwestkiteboarding.com\/de\/wp-json\/wp\/v2\/types\/page"}],"author":[{"embeddable":true,"href":"https:\/\/www.northwestkiteboarding.com\/de\/wp-json\/wp\/v2\/users\/1"}],"replies":[{"embeddable":true,"href":"https:\/\/www.northwestkiteboarding.com\/de\/wp-json\/wp\/v2\/comments?post=1829"}],"version-history":[{"count":1,"href":"https:\/\/www.northwestkiteboarding.com\/de\/wp-json\/wp\/v2\/pages\/1829\/revisions"}],"predecessor-version":[{"id":3772,"href":"https:\/\/www.northwestkiteboarding.com\/de\/wp-json\/wp\/v2\/pages\/1829\/revisions\/3772"}],"wp:attachment":[{"href":"https:\/\/www.northwestkiteboarding.com\/de\/wp-json\/wp\/v2\/media?parent=1829"}],"curies":[{"name":"wp","href":"https:\/\/api.w.org\/{rel}","templated":true}]}}