{"id":372,"date":"2021-06-02T07:52:17","date_gmt":"2021-06-02T07:52:17","guid":{"rendered":"https:\/\/www.northwestkiteboarding.com\/?page_id=372"},"modified":"2021-10-07T12:06:06","modified_gmt":"2021-10-07T12:06:06","slug":"agb","status":"publish","type":"page","link":"https:\/\/www.northwestkiteboarding.com\/de\/terms-and-conditions\/","title":{"rendered":"AGB"},"content":{"rendered":"<div data-elementor-type=\"wp-page\" data-elementor-id=\"372\" class=\"elementor elementor-372\" data-elementor-post-type=\"page\">\n\t\t\t\t\t\t<section class=\"elementor-section elementor-top-section elementor-element elementor-element-41a5054c elementor-section-full_width elementor-section-stretched elementor-section-height-min-height elementor-section-height-default elementor-section-items-middle\" data-id=\"41a5054c\" data-element_type=\"section\" data-e-type=\"section\" data-settings=\"{&quot;stretch_section&quot;:&quot;section-stretched&quot;,&quot;shape_divider_bottom&quot;:&quot;waves&quot;,&quot;background_background&quot;:&quot;classic&quot;}\">\n\t\t\t\t\t<div class=\"elementor-shape elementor-shape-bottom\" aria-hidden=\"true\" data-negative=\"false\">\n\t\t\t<svg xmlns=\"http:\/\/www.w3.org\/2000\/svg\" viewbox=\"0 0 1000 100\" preserveaspectratio=\"none\">\n\t<path class=\"elementor-shape-fill\" d=\"M421.9,6.5c22.6-2.5,51.5,0.4,75.5,5.3c23.6,4.9,70.9,23.5,100.5,35.7c75.8,32.2,133.7,44.5,192.6,49.7\tc23.6,2.1,48.7,3.5,103.4-2.5c54.7-6,106.2-25.6,106.2-25.6V0H0v30.3c0,0,72,32.6,158.4,30.5c39.2-0.7,92.8-6.7,134-22.4\tc21.2-8.1,52.2-18.2,79.7-24.2C399.3,7.9,411.6,7.5,421.9,6.5z\"\/>\n<\/svg>\t\t<\/div>\n\t\t\t\t\t<div class=\"elementor-container elementor-column-gap-no\">\n\t\t\t\t\t<div class=\"elementor-column elementor-col-100 elementor-top-column elementor-element elementor-element-877aa63\" data-id=\"877aa63\" data-element_type=\"column\" data-e-type=\"column\">\n\t\t\t<div class=\"elementor-widget-wrap\">\n\t\t\t\t\t\t\t<\/div>\n\t\t<\/div>\n\t\t\t\t\t<\/div>\n\t\t<\/section>\n\t\t\t\t<section class=\"elementor-section elementor-top-section elementor-element elementor-element-65cef0a7 elementor-section-content-middle elementor-section-boxed elementor-section-height-default elementor-section-height-default\" data-id=\"65cef0a7\" data-element_type=\"section\" data-e-type=\"section\">\n\t\t\t\t\t\t<div class=\"elementor-container elementor-column-gap-wider\">\n\t\t\t\t\t<div class=\"elementor-column elementor-col-50 elementor-top-column elementor-element elementor-element-4d5f7b26\" data-id=\"4d5f7b26\" data-element_type=\"column\" data-e-type=\"column\">\n\t\t\t<div class=\"elementor-widget-wrap elementor-element-populated\">\n\t\t\t\t\t\t<div class=\"elementor-element elementor-element-7006aa0b elementor-widget elementor-widget-text-editor\" data-id=\"7006aa0b\" data-element_type=\"widget\" data-e-type=\"widget\" data-widget_type=\"text-editor.default\">\n\t\t\t\t<div class=\"elementor-widget-container\">\n\t\t\t\t\t\t\t\t\t<h1>AGB<\/h1><p>F\u00fcr Kurse, die in den Niederlanden durchgef\u00fchrt werden, gilt der Text niederl\u00e4ndischen Allgemeinen Gesch\u00e4ftsbedingungen f\u00fcr den Text der deutschen Allgemeinen Gesch\u00e4ftsbedingungen von NorthWest Kiteboarding.<\/p><p>v 01-01-2021 \u2013 German<\/p><p><strong>\u00a71 Kursteilnehmer- und Mieterkreis<\/strong><br \/>Teilnahme- und Mietberechtigt ist jede Person, die weder gesundheitlich noch konditionell beeintr\u00e4chtigt ist, um den Kite-Sport bzw. SUP-Sport ohne Gefahr f\u00fcr sich und andere aus\u00fcben zu k\u00f6nnen. Voraussetzung f\u00fcr die Teilnahme an einem Kitekurs, Kite-Miete bzw. SUP-Kurs, SUP-Miete ist die F\u00e4higkeit, mindestens 15 Min. im freien Wasser ohne Hilfsmittel schwimmen zu k\u00f6nnen. Bei Minderj\u00e4hrigen ist die Zustimmung des gesetzlichen Vertreters erforderlich.<\/p>\t\t\t\t\t\t\t\t<\/div>\n\t\t\t\t<\/div>\n\t\t\t\t\t<\/div>\n\t\t<\/div>\n\t\t\t\t<div class=\"elementor-column elementor-col-50 elementor-top-column elementor-element elementor-element-a0290c5\" data-id=\"a0290c5\" data-element_type=\"column\" data-e-type=\"column\">\n\t\t\t<div class=\"elementor-widget-wrap elementor-element-populated\">\n\t\t\t\t\t\t<div class=\"elementor-element elementor-element-2c1f8a85 angle-r animated-fast elementor-invisible elementor-widget elementor-widget-image\" data-id=\"2c1f8a85\" data-element_type=\"widget\" data-e-type=\"widget\" data-settings=\"{&quot;_animation&quot;:&quot;rotateInUpRight&quot;,&quot;_animation_delay&quot;:300}\" data-widget_type=\"image.default\">\n\t\t\t\t<div class=\"elementor-widget-container\">\n\t\t\t\t\t\t\t\t\t\t\t\t\t\t\t<img fetchpriority=\"high\" decoding=\"async\" width=\"1024\" height=\"645\" src=\"https:\/\/www.northwestkiteboarding.com\/wp-content\/uploads\/2021\/10\/Duotone-Kiteboarding-Fish-SLS-action-pic5-1-1024x645.png\" class=\"attachment-large size-large wp-image-1980\" alt=\"\" srcset=\"https:\/\/www.northwestkiteboarding.com\/wp-content\/uploads\/2021\/10\/Duotone-Kiteboarding-Fish-SLS-action-pic5-1-1024x645.png 1024w, https:\/\/www.northwestkiteboarding.com\/wp-content\/uploads\/2021\/10\/Duotone-Kiteboarding-Fish-SLS-action-pic5-1-300x189.png 300w, https:\/\/www.northwestkiteboarding.com\/wp-content\/uploads\/2021\/10\/Duotone-Kiteboarding-Fish-SLS-action-pic5-1-768x484.png 768w, https:\/\/www.northwestkiteboarding.com\/wp-content\/uploads\/2021\/10\/Duotone-Kiteboarding-Fish-SLS-action-pic5-1-1536x968.png 1536w, https:\/\/www.northwestkiteboarding.com\/wp-content\/uploads\/2021\/10\/Duotone-Kiteboarding-Fish-SLS-action-pic5-1-18x12.png 18w, https:\/\/www.northwestkiteboarding.com\/wp-content\/uploads\/2021\/10\/Duotone-Kiteboarding-Fish-SLS-action-pic5-1.png 1920w\" sizes=\"(max-width: 1024px) 100vw, 1024px\" \/>\t\t\t\t\t\t\t\t\t\t\t\t\t\t\t<\/div>\n\t\t\t\t<\/div>\n\t\t\t\t\t<\/div>\n\t\t<\/div>\n\t\t\t\t\t<\/div>\n\t\t<\/section>\n\t\t\t\t<section class=\"elementor-section elementor-top-section elementor-element elementor-element-738ea479 elementor-section-content-middle elementor-section-boxed elementor-section-height-default elementor-section-height-default\" data-id=\"738ea479\" data-element_type=\"section\" data-e-type=\"section\">\n\t\t\t\t\t\t<div class=\"elementor-container elementor-column-gap-wider\">\n\t\t\t\t\t<div class=\"elementor-column elementor-col-50 elementor-top-column elementor-element elementor-element-5585cbd1\" data-id=\"5585cbd1\" data-element_type=\"column\" data-e-type=\"column\">\n\t\t\t<div class=\"elementor-widget-wrap elementor-element-populated\">\n\t\t\t\t\t\t<div class=\"elementor-element elementor-element-516dfadb angle-l animated-fast elementor-invisible elementor-widget elementor-widget-image\" data-id=\"516dfadb\" data-element_type=\"widget\" data-e-type=\"widget\" data-settings=\"{&quot;_animation&quot;:&quot;rotateInUpLeft&quot;,&quot;_animation_delay&quot;:300}\" data-widget_type=\"image.default\">\n\t\t\t\t<div class=\"elementor-widget-container\">\n\t\t\t\t\t\t\t\t\t\t\t\t\t\t\t<img decoding=\"async\" width=\"768\" height=\"1024\" src=\"https:\/\/www.northwestkiteboarding.com\/wp-content\/uploads\/2021\/10\/NORTHWEST-KITEBOARDING-5141-768x1024.jpg\" class=\"attachment-large size-large wp-image-1903\" alt=\"\" srcset=\"https:\/\/www.northwestkiteboarding.com\/wp-content\/uploads\/2021\/10\/NORTHWEST-KITEBOARDING-5141-768x1024.jpg 768w, https:\/\/www.northwestkiteboarding.com\/wp-content\/uploads\/2021\/10\/NORTHWEST-KITEBOARDING-5141-225x300.jpg 225w, https:\/\/www.northwestkiteboarding.com\/wp-content\/uploads\/2021\/10\/NORTHWEST-KITEBOARDING-5141-1152x1536.jpg 1152w, https:\/\/www.northwestkiteboarding.com\/wp-content\/uploads\/2021\/10\/NORTHWEST-KITEBOARDING-5141-9x12.jpg 9w, https:\/\/www.northwestkiteboarding.com\/wp-content\/uploads\/2021\/10\/NORTHWEST-KITEBOARDING-5141.jpg 1440w\" sizes=\"(max-width: 768px) 100vw, 768px\" \/>\t\t\t\t\t\t\t\t\t\t\t\t\t\t\t<\/div>\n\t\t\t\t<\/div>\n\t\t\t\t\t<\/div>\n\t\t<\/div>\n\t\t\t\t<div class=\"elementor-column elementor-col-50 elementor-top-column elementor-element elementor-element-4aadec23\" data-id=\"4aadec23\" data-element_type=\"column\" data-e-type=\"column\">\n\t\t\t<div class=\"elementor-widget-wrap elementor-element-populated\">\n\t\t\t\t\t\t<div class=\"elementor-element elementor-element-5cacc366 elementor-widget elementor-widget-text-editor\" data-id=\"5cacc366\" data-element_type=\"widget\" data-e-type=\"widget\" data-widget_type=\"text-editor.default\">\n\t\t\t\t<div class=\"elementor-widget-container\">\n\t\t\t\t\t\t\t\t\t<p><strong>\u00a72 Anmeldung \/ R\u00fccktritt vom Vertrag<\/strong><br \/>Die Anmeldung zu einem Kitekurs bedarf der Schriftform (Email). Gleiches gilt f\u00fcr Abschluss des Kurs- bzw. Mietvertrages in der Form eines Kurs-Vouchers, zugleich Invoice. Bei Minderj\u00e4hrigen ist die schriftliche Zustimmung des gesetzlichen Vertreters beizubringen. Ein R\u00fccktritt vom Vertrag ist schriftlich zu erkl\u00e4ren. Erfolgt der R\u00fccktritt nach der Fix-Buchung und Versand des jeweiligen Kurs-Vouchers bzw. Invoice werden 50% des jeweiligen Kurspreises bzw. des umgerechneten Betrags der noch ausstehenden Stunden einbehalten, wenn kein Ersatzteilnehmer\/-mieter gestellt wird. Wir behalten uns das Recht vor, ohne Einhaltung einer Frist vom Vertrag zur\u00fcckzutreten, wenn die Mindestteilnehmerzahl der jeweiligen Kursausschreibung gem\u00e4\u00df Internet in den Kitekursen nicht erreicht wird. Gleiches gilt im Falle h\u00f6herer Gewalt (Starkwind, Blitzschlag, Temperaturen unter 10\u00b0C), bei Zerst\u00f6rung des Kitesurfmaterials durch Kollisionen oder Vandalismus und pl\u00f6tzlicher Immobilit\u00e4t. Geleistete Zahlungen werden nicht zur\u00fcckerstattet sofern ein vergleichbares Alternativ-Angebot unterbreitet werden kann, gebuchte, nicht verbrauchte Stunden bleiben g\u00fcltig bis 1 Jahr nach Invoice-Datum. Teilnehmer, die einen Lehrgang nachhaltig st\u00f6ren, sich verhaltenswidrig verhalten - sowohl vor Ort als auch \u00fcber Internet - oder sich und andere vors\u00e4tzlich gef\u00e4hrden, k\u00f6nnen von der weiteren Teilnahme ausgeschlossen werden. Geleistete Zahlungen werden diesen nicht zur\u00fcckerstattet. Weitergehende Anspr\u00fcche bestehen nicht.<\/p>\t\t\t\t\t\t\t\t<\/div>\n\t\t\t\t<\/div>\n\t\t\t\t\t<\/div>\n\t\t<\/div>\n\t\t\t\t\t<\/div>\n\t\t<\/section>\n\t\t\t\t<section class=\"elementor-section elementor-top-section elementor-element elementor-element-2f33c08a elementor-section-content-middle elementor-section-boxed elementor-section-height-default elementor-section-height-default\" data-id=\"2f33c08a\" data-element_type=\"section\" data-e-type=\"section\">\n\t\t\t\t\t\t<div class=\"elementor-container elementor-column-gap-wider\">\n\t\t\t\t\t<div class=\"elementor-column elementor-col-50 elementor-top-column elementor-element elementor-element-633eebc2\" data-id=\"633eebc2\" data-element_type=\"column\" data-e-type=\"column\">\n\t\t\t<div class=\"elementor-widget-wrap elementor-element-populated\">\n\t\t\t\t\t\t<div class=\"elementor-element elementor-element-1f75c6a2 elementor-widget elementor-widget-text-editor\" data-id=\"1f75c6a2\" data-element_type=\"widget\" data-e-type=\"widget\" data-widget_type=\"text-editor.default\">\n\t\t\t\t<div class=\"elementor-widget-container\">\n\t\t\t\t\t\t\t\t\t<p><strong>\u00a73 Mitwirkungspflicht<\/strong><br \/>Der Teilnehmer ist bei eventuell auftretenden Leistungsst\u00f6rungen verpflichtet, alles ihm Zumutbare zu tun, um zu einer Behebung der St\u00f6rung beizutragen und den evtl. entstandenen Schaden so gering wie m\u00f6glich zu halten.<\/p><p><strong>\u00a74 Sicherheit\/ Durchf\u00fchrungsbedingungen<\/strong><br \/>Den Anweisungen des Ausbilders ist Folge zu leisten. Bei allen Kitekursen sind Brillen gegen Verlust zu sichern und Schmuck wie Ringe ab zu tun. \u00c4nderungen im Kursverlauf aufgrund von Witterungsbedingungen, sind nicht immer auszuschlie\u00dfen. Bei Unm\u00f6glichkeit der Durchf\u00fchrung im abgesprochenen Zeitraum wird ein neuer Kurstermin vereinbart.<\/p><p><strong>\u00a75 Sorgfaltspflicht<\/strong><br \/>Die Sicherheit und Betriebsbereitschaft des Kitematerials wird durch regelm\u00e4\u00dfige Inspektion sichergestellt. Dennoch ist der Teilnehmer\/ Mieter verpflichtet, das Kitematerial vor Fahrtantritt zu \u00fcberpr\u00fcfen. Im Interesse aller Beteiligten ist jeder Teilnehmer\/Mieter verpflichtet, entstandene Sch\u00e4den sofort anzuzeigen. Falls die Betriebsbereitschaft des Kitematerials durch Nichtbeachtung der Anweisungen des Ausbilders oder durch fahrl\u00e4ssige oder sogar vors\u00e4tzliche Verhaltensweisen des Teilnehmers\/ Mieters nicht mehr gew\u00e4hrleistet ist, besteht f\u00fcr den durch die Tatbestandsaufnahme und St\u00f6rungsbeseitigung entstandenen Zeitverlust kein Anspruch auf Schadensersatz seitens des Teilnehmers\/ Mieters.<\/p>\t\t\t\t\t\t\t\t<\/div>\n\t\t\t\t<\/div>\n\t\t\t\t\t<\/div>\n\t\t<\/div>\n\t\t\t\t<div class=\"elementor-column elementor-col-50 elementor-top-column elementor-element elementor-element-7199cb9a\" data-id=\"7199cb9a\" data-element_type=\"column\" data-e-type=\"column\">\n\t\t\t<div class=\"elementor-widget-wrap elementor-element-populated\">\n\t\t\t\t\t\t<div class=\"elementor-element elementor-element-1834bd6b angle-r elementor-invisible elementor-widget elementor-widget-image\" data-id=\"1834bd6b\" data-element_type=\"widget\" data-e-type=\"widget\" data-settings=\"{&quot;_animation&quot;:&quot;rotateInUpRight&quot;,&quot;_animation_delay&quot;:300}\" data-widget_type=\"image.default\">\n\t\t\t\t<div class=\"elementor-widget-container\">\n\t\t\t\t\t\t\t\t\t\t\t\t\t\t\t<img decoding=\"async\" width=\"1024\" height=\"645\" src=\"https:\/\/www.northwestkiteboarding.com\/wp-content\/uploads\/2021\/10\/Action-Pics_Neo-SLS8-1024x645.png\" class=\"attachment-large size-large wp-image-2039\" alt=\"\" srcset=\"https:\/\/www.northwestkiteboarding.com\/wp-content\/uploads\/2021\/10\/Action-Pics_Neo-SLS8-1024x645.png 1024w, https:\/\/www.northwestkiteboarding.com\/wp-content\/uploads\/2021\/10\/Action-Pics_Neo-SLS8-300x189.png 300w, https:\/\/www.northwestkiteboarding.com\/wp-content\/uploads\/2021\/10\/Action-Pics_Neo-SLS8-768x484.png 768w, https:\/\/www.northwestkiteboarding.com\/wp-content\/uploads\/2021\/10\/Action-Pics_Neo-SLS8-1536x968.png 1536w, https:\/\/www.northwestkiteboarding.com\/wp-content\/uploads\/2021\/10\/Action-Pics_Neo-SLS8-18x12.png 18w, https:\/\/www.northwestkiteboarding.com\/wp-content\/uploads\/2021\/10\/Action-Pics_Neo-SLS8.png 1920w\" sizes=\"(max-width: 1024px) 100vw, 1024px\" \/>\t\t\t\t\t\t\t\t\t\t\t\t\t\t\t<\/div>\n\t\t\t\t<\/div>\n\t\t\t\t\t<\/div>\n\t\t<\/div>\n\t\t\t\t\t<\/div>\n\t\t<\/section>\n\t\t\t\t<section class=\"elementor-section elementor-top-section elementor-element elementor-element-287c6cb elementor-section-content-middle elementor-section-boxed elementor-section-height-default elementor-section-height-default\" data-id=\"287c6cb\" data-element_type=\"section\" data-e-type=\"section\">\n\t\t\t\t\t\t<div class=\"elementor-container elementor-column-gap-wider\">\n\t\t\t\t\t<div class=\"elementor-column elementor-col-50 elementor-top-column elementor-element elementor-element-a58ff0b\" data-id=\"a58ff0b\" data-element_type=\"column\" data-e-type=\"column\">\n\t\t\t<div class=\"elementor-widget-wrap elementor-element-populated\">\n\t\t\t\t\t\t<div class=\"elementor-element elementor-element-3aa43f2 angle-l animated-fast elementor-invisible elementor-widget elementor-widget-image\" data-id=\"3aa43f2\" data-element_type=\"widget\" data-e-type=\"widget\" data-settings=\"{&quot;_animation&quot;:&quot;rotateInUpLeft&quot;,&quot;_animation_delay&quot;:300}\" data-widget_type=\"image.default\">\n\t\t\t\t<div class=\"elementor-widget-container\">\n\t\t\t\t\t\t\t\t\t\t\t\t\t\t\t<img loading=\"lazy\" decoding=\"async\" width=\"768\" height=\"512\" src=\"https:\/\/www.northwestkiteboarding.com\/wp-content\/uploads\/2021\/10\/northwest-1791629315678187-768x512.jpg\" class=\"attachment-medium_large size-medium_large wp-image-1946\" alt=\"\" srcset=\"https:\/\/www.northwestkiteboarding.com\/wp-content\/uploads\/2021\/10\/northwest-1791629315678187-768x512.jpg 768w, https:\/\/www.northwestkiteboarding.com\/wp-content\/uploads\/2021\/10\/northwest-1791629315678187-300x200.jpg 300w, https:\/\/www.northwestkiteboarding.com\/wp-content\/uploads\/2021\/10\/northwest-1791629315678187-1024x683.jpg 1024w, https:\/\/www.northwestkiteboarding.com\/wp-content\/uploads\/2021\/10\/northwest-1791629315678187-1536x1024.jpg 1536w, https:\/\/www.northwestkiteboarding.com\/wp-content\/uploads\/2021\/10\/northwest-1791629315678187-18x12.jpg 18w, https:\/\/www.northwestkiteboarding.com\/wp-content\/uploads\/2021\/10\/northwest-1791629315678187.jpg 1920w\" sizes=\"(max-width: 768px) 100vw, 768px\" \/>\t\t\t\t\t\t\t\t\t\t\t\t\t\t\t<\/div>\n\t\t\t\t<\/div>\n\t\t\t\t\t<\/div>\n\t\t<\/div>\n\t\t\t\t<div class=\"elementor-column elementor-col-50 elementor-top-column elementor-element elementor-element-e731a83\" data-id=\"e731a83\" data-element_type=\"column\" data-e-type=\"column\">\n\t\t\t<div class=\"elementor-widget-wrap elementor-element-populated\">\n\t\t\t\t\t\t<div class=\"elementor-element elementor-element-2508aa2 elementor-widget elementor-widget-text-editor\" data-id=\"2508aa2\" data-element_type=\"widget\" data-e-type=\"widget\" data-widget_type=\"text-editor.default\">\n\t\t\t\t<div class=\"elementor-widget-container\">\n\t\t\t\t\t\t\t\t\t<p><strong>\u00a76 Haftung<\/strong><br \/>Wir haften f\u00fcr die gewissenhafte Lehrgangs- und Veranstaltungsvorbereitung, die sorgf\u00e4ltige Auswahl und \u00dcberwachung der Leistungstr\u00e4ger, die Richtigkeit der Kursausschreibung und die ordnungsgem\u00e4\u00dfe Erbringung der vertraglich vereinbarten Leistung, sowie f\u00fcr die gewissenhafte Durchf\u00fchrung der Inspektion zur Sicherstellung der Betriebsbereitschaft des Kitematerials. Die Haftung f\u00fcr Sach- und Personensch\u00e4den ist ausgeschlossen! Bei selbst- und fremd verursachten Sch\u00e4den trifft den Teilnehmer\/ Mieter eine Anzeigepflicht. F\u00fcr selbstverschuldete Sch\u00e4den (einschlie\u00dflich Ausfall- und Folgesch\u00e4den) an dem Material und Ausr\u00fcstungsteilen haftet der Teilnehmer\/ Mieter pers\u00f6nlich. F\u00fcr den Verlust von Wertgegenst\u00e4nden, Brillen, Schmuck, Geld und sonstigen Gegenst\u00e4nden wird keine Haftung \u00fcbernommen.<\/p><p><strong>\u00a77 Zus\u00e4tzliche Kursbedingungen<\/strong><br \/>Flexibilit\u00e4t und Mobilit\u00e4t ist bei kaum einer anderen Wassersportart so gefragt wie beim Kitesurfen. Ortswechsel f\u00fcr die besten Lernbedingungen ist ein Standard. NorthWest Kiteboarding bietet diese Flexibilit\u00e4t und Mobilit\u00e4t an und sorgt f\u00fcr einen reibungslosen organisatorischen Ablauf und den Materialtransport. Anfahrten zu den Alternativ-Spots und zeitliche Mehraufwendungen m\u00fcssen vom Teilnehmer geleistet werden.<\/p>\t\t\t\t\t\t\t\t<\/div>\n\t\t\t\t<\/div>\n\t\t\t\t\t<\/div>\n\t\t<\/div>\n\t\t\t\t\t<\/div>\n\t\t<\/section>\n\t\t\t\t<section class=\"elementor-section elementor-top-section elementor-element elementor-element-4293f4d elementor-section-content-middle elementor-section-boxed elementor-section-height-default elementor-section-height-default\" data-id=\"4293f4d\" data-element_type=\"section\" data-e-type=\"section\">\n\t\t\t\t\t\t<div class=\"elementor-container elementor-column-gap-wider\">\n\t\t\t\t\t<div class=\"elementor-column elementor-col-50 elementor-top-column elementor-element elementor-element-dc4c8bb\" data-id=\"dc4c8bb\" data-element_type=\"column\" data-e-type=\"column\">\n\t\t\t<div class=\"elementor-widget-wrap elementor-element-populated\">\n\t\t\t\t\t\t<div class=\"elementor-element elementor-element-f626e57 elementor-widget elementor-widget-text-editor\" data-id=\"f626e57\" data-element_type=\"widget\" data-e-type=\"widget\" data-widget_type=\"text-editor.default\">\n\t\t\t\t<div class=\"elementor-widget-container\">\n\t\t\t\t\t\t\t\t\t<p><strong>\u00a78 Zus\u00e4tzliche Vermietbedingungen<\/strong><br \/>NorthWest Kiteboarding ist berechtigt, die \u00dcbergabe der Kiteausr\u00fcstung zu verweigern, sofern der Mieter nicht \u00fcber die erforderliche Qualifikation verf\u00fcgt (min. VDWS Lizenz Level 5, Watersportverbond Modul 6, IKO-Level 3). Der Mieter ist zur p\u00fcnktlichen R\u00fcckgabe verpflichtet. Meteorologische Ereignisse sind einzukalkulieren und stellen keinen Grund zur versp\u00e4teten R\u00fcckgabe dar. Im \u00dcbrigen haftet der Mieter dem Vermieter f\u00fcr alle Verpflichtungen aus dem Mietvertrag als Gesamtschuldner. Der Mieter hat auch f\u00fcr ein Verschulden seiner Mitnutzer einzustehen.<\/p><p><strong>\u00a79 Salvatorische Klausel<\/strong><br \/>Die Unwirksamkeit einzelner Bestimmungen hat nicht die Unwirksamkeit des Vertrags zur Folge. Die Vertragsparteien verpflichten sich, eine etwa ung\u00fcltige Bestimmung nach M\u00f6glichkeit durch eine dem  mutma\u00dflichen Willen entsprechende Klausel zu ersetzen.\nMarcus Marcus<\/p>\t\t\t\t\t\t\t\t<\/div>\n\t\t\t\t<\/div>\n\t\t\t\t\t<\/div>\n\t\t<\/div>\n\t\t\t\t<div class=\"elementor-column elementor-col-50 elementor-top-column elementor-element elementor-element-527c7df\" data-id=\"527c7df\" data-element_type=\"column\" data-e-type=\"column\">\n\t\t\t<div class=\"elementor-widget-wrap elementor-element-populated\">\n\t\t\t\t\t\t<div class=\"elementor-element elementor-element-1a0b5c1 angle-r elementor-invisible elementor-widget elementor-widget-image\" data-id=\"1a0b5c1\" data-element_type=\"widget\" data-e-type=\"widget\" data-settings=\"{&quot;_animation&quot;:&quot;rotateInUpRight&quot;,&quot;_animation_delay&quot;:300}\" data-widget_type=\"image.default\">\n\t\t\t\t<div class=\"elementor-widget-container\">\n\t\t\t\t\t\t\t\t\t\t\t\t\t\t\t<img loading=\"lazy\" decoding=\"async\" width=\"1024\" height=\"768\" src=\"https:\/\/www.northwestkiteboarding.com\/wp-content\/uploads\/2021\/10\/NORTHWEST-KITEBOARDING-4065-1-1024x768.jpg\" class=\"attachment-large size-large wp-image-1965\" alt=\"\" srcset=\"https:\/\/www.northwestkiteboarding.com\/wp-content\/uploads\/2021\/10\/NORTHWEST-KITEBOARDING-4065-1-1024x768.jpg 1024w, https:\/\/www.northwestkiteboarding.com\/wp-content\/uploads\/2021\/10\/NORTHWEST-KITEBOARDING-4065-1-300x225.jpg 300w, https:\/\/www.northwestkiteboarding.com\/wp-content\/uploads\/2021\/10\/NORTHWEST-KITEBOARDING-4065-1-768x576.jpg 768w, https:\/\/www.northwestkiteboarding.com\/wp-content\/uploads\/2021\/10\/NORTHWEST-KITEBOARDING-4065-1-1536x1152.jpg 1536w, https:\/\/www.northwestkiteboarding.com\/wp-content\/uploads\/2021\/10\/NORTHWEST-KITEBOARDING-4065-1-16x12.jpg 16w, https:\/\/www.northwestkiteboarding.com\/wp-content\/uploads\/2021\/10\/NORTHWEST-KITEBOARDING-4065-1.jpg 1920w\" sizes=\"(max-width: 1024px) 100vw, 1024px\" \/>\t\t\t\t\t\t\t\t\t\t\t\t\t\t\t<\/div>\n\t\t\t\t<\/div>\n\t\t\t\t\t<\/div>\n\t\t<\/div>\n\t\t\t\t\t<\/div>\n\t\t<\/section>\n\t\t\t\t<\/div>","protected":false},"excerpt":{"rendered":"<p>Terms and Conditions Valid are the &#8216;Allgemeine Gesch\u00e4ftsbedingungen&#8217; (AGB) NORTHWEST KITEBOARDING v 01-01-2021 \u2013 German \u00a71 Course participants and tenantsAnyone who is neither physically nor physically impaired in order to be able to practice kite sport or SUP sport without endangering themselves or others is entitled to participate and rent. The prerequisite for participating in &#8230; <a title=\"AGB\" class=\"read-more\" href=\"https:\/\/www.northwestkiteboarding.com\/de\/terms-and-conditions\/\" aria-label=\"Mehr Informationen \u00fcber Terms and Conditions\">Weiterlesen &#8230;<\/a><\/p>","protected":false},"author":1,"featured_media":0,"parent":0,"menu_order":0,"comment_status":"closed","ping_status":"closed","template":"","meta":{"footnotes":""},"class_list":["post-372","page","type-page","status-publish"],"_links":{"self":[{"href":"https:\/\/www.northwestkiteboarding.com\/de\/wp-json\/wp\/v2\/pages\/372","targetHints":{"allow":["GET"]}}],"collection":[{"href":"https:\/\/www.northwestkiteboarding.com\/de\/wp-json\/wp\/v2\/pages"}],"about":[{"href":"https:\/\/www.northwestkiteboarding.com\/de\/wp-json\/wp\/v2\/types\/page"}],"author":[{"embeddable":true,"href":"https:\/\/www.northwestkiteboarding.com\/de\/wp-json\/wp\/v2\/users\/1"}],"replies":[{"embeddable":true,"href":"https:\/\/www.northwestkiteboarding.com\/de\/wp-json\/wp\/v2\/comments?post=372"}],"version-history":[{"count":0,"href":"https:\/\/www.northwestkiteboarding.com\/de\/wp-json\/wp\/v2\/pages\/372\/revisions"}],"wp:attachment":[{"href":"https:\/\/www.northwestkiteboarding.com\/de\/wp-json\/wp\/v2\/media?parent=372"}],"curies":[{"name":"wp","href":"https:\/\/api.w.org\/{rel}","templated":true}]}}